{"id":10,"date":"2025-08-15T09:11:40","date_gmt":"2025-08-15T09:11:40","guid":{"rendered":"https:\/\/demo.website.uplink-digital.ch\/?page_id=10"},"modified":"2025-08-25T08:40:47","modified_gmt":"2025-08-25T06:40:47","slug":"about","status":"publish","type":"page","link":"https:\/\/radio-data.ch\/fr\/about\/","title":{"rendered":"\u00c0 propos"},"content":{"rendered":"<p>La mesure d&rsquo;audience num\u00e9rique offre pour la premi\u00e8re fois \u00e0 de nombreuses stations de radio suisses une m\u00e9thode fiable pour d\u00e9terminer leur audience. Vous trouverez ici les r\u00e9ponses aux principales questions concernant notre nouvelle m\u00e9thode de mesure, la m\u00e9thodologie et les avantages pour votre radio.<\/p>\n","protected":false},"excerpt":{"rendered":"<p>La mesure d&rsquo;audience num\u00e9rique offre pour la premi\u00e8re fois \u00e0 de nombreuses stations de radio suisses une m\u00e9thode fiable pour d\u00e9terminer leur audience. Vous trouverez ici les r\u00e9ponses aux principales questions concernant notre nouvelle m\u00e9thode de mesure, la m\u00e9thodologie et les avantages pour votre radio.<\/p>\n","protected":false},"author":1,"featured_media":0,"parent":0,"menu_order":0,"comment_status":"closed","ping_status":"closed","template":"","meta":{"hero_headline":"[:de]Digitale Reichweiten<br \/>f\u00fcr Radiosender[:fr]Port\u00e9e num\u00e9rique<br \/>pour les radios[:it]Copertura digitale<br \/>per le radio[:]","footnotes":""},"class_list":["post-10","page","type-page","status-publish","hentry"],"yoast_head":"<!-- This site is optimized with the Yoast SEO plugin v25.7 - https:\/\/yoast.com\/wordpress\/plugins\/seo\/ -->\n<title>\u00c0 propos<\/title>\n<meta name=\"robots\" content=\"index, follow, max-snippet:-1, max-image-preview:large, max-video-preview:-1\" \/>\n<link rel=\"canonical\" href=\"https:\/\/radio-data.ch\/fr\/about\/\" \/>\n<meta name=\"twitter:label1\" content=\"Dur\u00e9e de lecture estim\u00e9e\" \/>\n\t<meta name=\"twitter:data1\" content=\"1 minute\" \/>\n<script type=\"application\/ld+json\" class=\"yoast-schema-graph\">{\"@context\":\"https:\/\/schema.org\",\"@graph\":[{\"@type\":\"WebPage\",\"@id\":\"https:\/\/radio-data.ch\/fr\/about\/\",\"url\":\"https:\/\/radio-data.ch\/fr\/about\/\",\"name\":\"\u00c0 propos\",\"isPartOf\":{\"@id\":\"https:\/\/radio-data.ch\/#website\"},\"datePublished\":\"2025-08-15T09:11:40+00:00\",\"dateModified\":\"2025-08-25T06:40:47+00:00\",\"breadcrumb\":{\"@id\":\"https:\/\/radio-data.ch\/fr\/about\/#breadcrumb\"},\"inLanguage\":\"fr-FR\",\"potentialAction\":[{\"@type\":\"ReadAction\",\"target\":[\"https:\/\/radio-data.ch\/fr\/about\/\"]}]},{\"@type\":\"BreadcrumbList\",\"@id\":\"https:\/\/radio-data.ch\/fr\/about\/#breadcrumb\",\"itemListElement\":[{\"@type\":\"ListItem\",\"position\":1,\"name\":\"Startseite\",\"item\":\"https:\/\/radio-data.ch\/\"},{\"@type\":\"ListItem\",\"position\":2,\"name\":\"\u00c0 propos\"}]},{\"@type\":\"WebSite\",\"@id\":\"https:\/\/radio-data.ch\/#website\",\"url\":\"https:\/\/radio-data.ch\/\",\"name\":\"radio-data.ch\",\"description\":\"\",\"potentialAction\":[{\"@type\":\"SearchAction\",\"target\":{\"@type\":\"EntryPoint\",\"urlTemplate\":\"https:\/\/radio-data.ch\/?s={search_term_string}\"},\"query-input\":{\"@type\":\"PropertyValueSpecification\",\"valueRequired\":true,\"valueName\":\"search_term_string\"}}],\"inLanguage\":\"fr-FR\"}]}<\/script>\n<!-- \/ Yoast SEO plugin. -->","yoast_head_json":{"title":"\u00c0 propos","robots":{"index":"index","follow":"follow","max-snippet":"max-snippet:-1","max-image-preview":"max-image-preview:large","max-video-preview":"max-video-preview:-1"},"canonical":"https:\/\/radio-data.ch\/fr\/about\/","twitter_misc":{"Dur\u00e9e de lecture estim\u00e9e":"1 minute"},"schema":{"@context":"https:\/\/schema.org","@graph":[{"@type":"WebPage","@id":"https:\/\/radio-data.ch\/fr\/about\/","url":"https:\/\/radio-data.ch\/fr\/about\/","name":"\u00c0 propos","isPartOf":{"@id":"https:\/\/radio-data.ch\/#website"},"datePublished":"2025-08-15T09:11:40+00:00","dateModified":"2025-08-25T06:40:47+00:00","breadcrumb":{"@id":"https:\/\/radio-data.ch\/fr\/about\/#breadcrumb"},"inLanguage":"fr-FR","potentialAction":[{"@type":"ReadAction","target":["https:\/\/radio-data.ch\/fr\/about\/"]}]},{"@type":"BreadcrumbList","@id":"https:\/\/radio-data.ch\/fr\/about\/#breadcrumb","itemListElement":[{"@type":"ListItem","position":1,"name":"Startseite","item":"https:\/\/radio-data.ch\/"},{"@type":"ListItem","position":2,"name":"\u00c0 propos"}]},{"@type":"WebSite","@id":"https:\/\/radio-data.ch\/#website","url":"https:\/\/radio-data.ch\/","name":"radio-data.ch","description":"","potentialAction":[{"@type":"SearchAction","target":{"@type":"EntryPoint","urlTemplate":"https:\/\/radio-data.ch\/?s={search_term_string}"},"query-input":{"@type":"PropertyValueSpecification","valueRequired":true,"valueName":"search_term_string"}}],"inLanguage":"fr-FR"}]}},"_links":{"self":[{"href":"https:\/\/radio-data.ch\/fr\/wp-json\/wp\/v2\/pages\/10","targetHints":{"allow":["GET"]}}],"collection":[{"href":"https:\/\/radio-data.ch\/fr\/wp-json\/wp\/v2\/pages"}],"about":[{"href":"https:\/\/radio-data.ch\/fr\/wp-json\/wp\/v2\/types\/page"}],"author":[{"embeddable":true,"href":"https:\/\/radio-data.ch\/fr\/wp-json\/wp\/v2\/users\/1"}],"replies":[{"embeddable":true,"href":"https:\/\/radio-data.ch\/fr\/wp-json\/wp\/v2\/comments?post=10"}],"version-history":[{"count":13,"href":"https:\/\/radio-data.ch\/fr\/wp-json\/wp\/v2\/pages\/10\/revisions"}],"predecessor-version":[{"id":127,"href":"https:\/\/radio-data.ch\/fr\/wp-json\/wp\/v2\/pages\/10\/revisions\/127"}],"wp:attachment":[{"href":"https:\/\/radio-data.ch\/fr\/wp-json\/wp\/v2\/media?parent=10"}],"curies":[{"name":"wp","href":"https:\/\/api.w.org\/{rel}","templated":true}]}}