{"id":15,"date":"2025-08-15T10:08:14","date_gmt":"2025-08-15T10:08:14","guid":{"rendered":"https:\/\/demo.website.uplink-digital.ch\/?page_id=15"},"modified":"2025-08-25T09:46:13","modified_gmt":"2025-08-25T07:46:13","slug":"imprint","status":"publish","type":"page","link":"https:\/\/radio-data.ch\/fr\/imprint\/","title":{"rendered":"Mentions l\u00e9gales"},"content":{"rendered":"<p>UNIKOM<\/p>\n<p>Lessingstrasse 33<\/p>\n<p>8002 Zurich<\/p>\n<p>Suisse<\/p>\n<p>e-mail : admin@unikomradios.ch<\/p>\n<p>Site web : www.unikomradios.ch<\/p>\n<p>&nbsp;<\/p>\n<p><b>Association<\/b><\/p>\n<p>L&rsquo;association UNIKOM est une association de droit suisse dont le si\u00e8ge est situ\u00e9 \u00e0 l&rsquo;endroit o\u00f9 se trouve son bureau (Zurich). Elle repr\u00e9sente les int\u00e9r\u00eats des radios et des m\u00e9dias audio ind\u00e9pendants.<\/p>\n<p>&nbsp;<\/p>\n<p><b>Personnes habilit\u00e9es \u00e0 repr\u00e9senter l&rsquo;association<\/b><\/p>\n<p>La repr\u00e9sentation de l&rsquo;association est assur\u00e9e par le comit\u00e9 conform\u00e9ment aux statuts de l&rsquo;association.<\/p>\n<p>&nbsp;<\/p>\n<p><b>Clause de non-responsabilit\u00e9<\/b><\/p>\n<p>L&rsquo;UNIKOM ne garantit pas l&rsquo;exactitude, l&rsquo;exhaustivit\u00e9 et l&rsquo;actualit\u00e9 des informations fournies sur ce site. L&rsquo;association ne peut en aucun cas \u00eatre tenue responsable des dommages mat\u00e9riels ou immat\u00e9riels r\u00e9sultant de l&rsquo;utilisation ou de la non-utilisation des informations pr\u00e9sent\u00e9es.<\/p>\n<p>&nbsp;<\/p>\n<p><b>Droits d&rsquo;auteur et conditions d&rsquo;utilisation pour les t\u00e9l\u00e9chargements (export de donn\u00e9es)<\/b><\/p>\n<p>Tous les contenus, \u0153uvres, donn\u00e9es et mat\u00e9riels mis \u00e0 disposition pour le t\u00e9l\u00e9chargement publi\u00e9s sur ce site Internet sont soumis au droit d&rsquo;auteur suisse ainsi que, le cas \u00e9ch\u00e9ant, \u00e0 d&rsquo;autres droits de protection (notamment les droits de marque et de design). Toute utilisation qui n&rsquo;est pas express\u00e9ment autoris\u00e9e par le droit d&rsquo;auteur suisse ou d&rsquo;autres lois applicables requiert l&rsquo;accord \u00e9crit pr\u00e9alable d&rsquo;UNIKOM. Cela s&rsquo;applique en particulier \u00e0 la reproduction, au traitement, \u00e0 la traduction, \u00e0 l&rsquo;enregistrement, \u00e0 la transformation ou \u00e0 la restitution de contenus dans des bases de donn\u00e9es ou d&rsquo;autres m\u00e9dias et syst\u00e8mes \u00e9lectroniques.<\/p>\n<p>Le t\u00e9l\u00e9chargement de contenus n&rsquo;est autoris\u00e9 que pour un usage personnel et non commercial et suppose l&rsquo;indication pr\u00e9alable d&rsquo;une adresse e-mail valide. Toute transmission, publication ou autre utilisation du mat\u00e9riel t\u00e9l\u00e9charg\u00e9 sans l&rsquo;autorisation \u00e9crite d&rsquo;UNIKOM est interdite.<\/p>\n<p>&nbsp;<\/p>\n<p><b>Protection des donn\u00e9es<\/b><\/p>\n<p>Vous trouverez des informations sur le traitement des donn\u00e9es personnelles dans notre <a href=\"https:\/\/demo.website.uplink-digital.ch\/datenschutz\">d\u00e9claration de confidentialit\u00e9<\/a>.<\/p>\n","protected":false},"excerpt":{"rendered":"<p>UNIKOM Lessingstrasse 33 8002 Zurich Suisse e-mail : admin@unikomradios.ch Site web : www.unikomradios.ch &nbsp; Association L&rsquo;association UNIKOM est une association de droit suisse dont le si\u00e8ge est situ\u00e9 \u00e0 l&rsquo;endroit o\u00f9 se trouve son bureau (Zurich). Elle repr\u00e9sente les int\u00e9r\u00eats des radios et des m\u00e9dias audio ind\u00e9pendants. &nbsp; Personnes habilit\u00e9es \u00e0 repr\u00e9senter l&rsquo;association La repr\u00e9sentation [&hellip;]<\/p>\n","protected":false},"author":1,"featured_media":0,"parent":0,"menu_order":0,"comment_status":"closed","ping_status":"closed","template":"","meta":{"hero_headline":"","footnotes":""},"class_list":["post-15","page","type-page","status-publish","hentry"],"yoast_head":"<!-- This site is optimized with the Yoast SEO plugin v25.7 - https:\/\/yoast.com\/wordpress\/plugins\/seo\/ -->\n<title>Mentions l\u00e9gales<\/title>\n<meta name=\"robots\" content=\"index, follow, max-snippet:-1, max-image-preview:large, max-video-preview:-1\" \/>\n<link rel=\"canonical\" href=\"https:\/\/static.250.22.217.95.clients.your-server.de\/imprint\/\" \/>\n<meta name=\"twitter:label1\" content=\"Dur\u00e9e de lecture estim\u00e9e\" \/>\n\t<meta name=\"twitter:data1\" content=\"2 minutes\" \/>\n<script type=\"application\/ld+json\" class=\"yoast-schema-graph\">{\"@context\":\"https:\/\/schema.org\",\"@graph\":[{\"@type\":\"WebPage\",\"@id\":\"https:\/\/static.250.22.217.95.clients.your-server.de\/imprint\/\",\"url\":\"https:\/\/static.250.22.217.95.clients.your-server.de\/imprint\/\",\"name\":\"Mentions l\u00e9gales\",\"isPartOf\":{\"@id\":\"https:\/\/radio-data.ch\/#website\"},\"datePublished\":\"2025-08-15T10:08:14+00:00\",\"dateModified\":\"2025-08-25T07:46:13+00:00\",\"breadcrumb\":{\"@id\":\"https:\/\/static.250.22.217.95.clients.your-server.de\/imprint\/#breadcrumb\"},\"inLanguage\":\"fr-FR\",\"potentialAction\":[{\"@type\":\"ReadAction\",\"target\":[\"https:\/\/static.250.22.217.95.clients.your-server.de\/imprint\/\"]}]},{\"@type\":\"BreadcrumbList\",\"@id\":\"https:\/\/static.250.22.217.95.clients.your-server.de\/imprint\/#breadcrumb\",\"itemListElement\":[{\"@type\":\"ListItem\",\"position\":1,\"name\":\"Startseite\",\"item\":\"https:\/\/radio-data.ch\/\"},{\"@type\":\"ListItem\",\"position\":2,\"name\":\"Impressum\"}]},{\"@type\":\"WebSite\",\"@id\":\"https:\/\/radio-data.ch\/#website\",\"url\":\"https:\/\/radio-data.ch\/\",\"name\":\"radio-data.ch\",\"description\":\"\",\"potentialAction\":[{\"@type\":\"SearchAction\",\"target\":{\"@type\":\"EntryPoint\",\"urlTemplate\":\"https:\/\/radio-data.ch\/?s={search_term_string}\"},\"query-input\":{\"@type\":\"PropertyValueSpecification\",\"valueRequired\":true,\"valueName\":\"search_term_string\"}}],\"inLanguage\":\"fr-FR\"}]}<\/script>\n<!-- \/ Yoast SEO plugin. -->","yoast_head_json":{"title":"Mentions l\u00e9gales","robots":{"index":"index","follow":"follow","max-snippet":"max-snippet:-1","max-image-preview":"max-image-preview:large","max-video-preview":"max-video-preview:-1"},"canonical":"https:\/\/static.250.22.217.95.clients.your-server.de\/imprint\/","twitter_misc":{"Dur\u00e9e de lecture estim\u00e9e":"2 minutes"},"schema":{"@context":"https:\/\/schema.org","@graph":[{"@type":"WebPage","@id":"https:\/\/static.250.22.217.95.clients.your-server.de\/imprint\/","url":"https:\/\/static.250.22.217.95.clients.your-server.de\/imprint\/","name":"Mentions l\u00e9gales","isPartOf":{"@id":"https:\/\/radio-data.ch\/#website"},"datePublished":"2025-08-15T10:08:14+00:00","dateModified":"2025-08-25T07:46:13+00:00","breadcrumb":{"@id":"https:\/\/static.250.22.217.95.clients.your-server.de\/imprint\/#breadcrumb"},"inLanguage":"fr-FR","potentialAction":[{"@type":"ReadAction","target":["https:\/\/static.250.22.217.95.clients.your-server.de\/imprint\/"]}]},{"@type":"BreadcrumbList","@id":"https:\/\/static.250.22.217.95.clients.your-server.de\/imprint\/#breadcrumb","itemListElement":[{"@type":"ListItem","position":1,"name":"Startseite","item":"https:\/\/radio-data.ch\/"},{"@type":"ListItem","position":2,"name":"Impressum"}]},{"@type":"WebSite","@id":"https:\/\/radio-data.ch\/#website","url":"https:\/\/radio-data.ch\/","name":"radio-data.ch","description":"","potentialAction":[{"@type":"SearchAction","target":{"@type":"EntryPoint","urlTemplate":"https:\/\/radio-data.ch\/?s={search_term_string}"},"query-input":{"@type":"PropertyValueSpecification","valueRequired":true,"valueName":"search_term_string"}}],"inLanguage":"fr-FR"}]}},"_links":{"self":[{"href":"https:\/\/radio-data.ch\/fr\/wp-json\/wp\/v2\/pages\/15","targetHints":{"allow":["GET"]}}],"collection":[{"href":"https:\/\/radio-data.ch\/fr\/wp-json\/wp\/v2\/pages"}],"about":[{"href":"https:\/\/radio-data.ch\/fr\/wp-json\/wp\/v2\/types\/page"}],"author":[{"embeddable":true,"href":"https:\/\/radio-data.ch\/fr\/wp-json\/wp\/v2\/users\/1"}],"replies":[{"embeddable":true,"href":"https:\/\/radio-data.ch\/fr\/wp-json\/wp\/v2\/comments?post=15"}],"version-history":[{"count":10,"href":"https:\/\/radio-data.ch\/fr\/wp-json\/wp\/v2\/pages\/15\/revisions"}],"predecessor-version":[{"id":137,"href":"https:\/\/radio-data.ch\/fr\/wp-json\/wp\/v2\/pages\/15\/revisions\/137"}],"wp:attachment":[{"href":"https:\/\/radio-data.ch\/fr\/wp-json\/wp\/v2\/media?parent=15"}],"curies":[{"name":"wp","href":"https:\/\/api.w.org\/{rel}","templated":true}]}}