{"id":17,"date":"2025-08-15T10:08:23","date_gmt":"2025-08-15T10:08:23","guid":{"rendered":"https:\/\/demo.website.uplink-digital.ch\/?page_id=17"},"modified":"2026-04-27T08:23:21","modified_gmt":"2026-04-27T06:23:21","slug":"privacy","status":"publish","type":"page","link":"https:\/\/radio-data.ch\/fr\/privacy\/","title":{"rendered":"Protection des donn\u00e9es"},"content":{"rendered":"<p><b>Responsable<\/b><\/p>\n<p>UNIKOM<\/p>\n<p>Lessingstrasse 33<\/p>\n<p>8002 Zurich<\/p>\n<p>Suisse<\/p>\n<p>E-mail : admin@unikomradios.ch<\/p>\n<p>&nbsp;<\/p>\n<p><b>Principe<\/b><\/p>\n<p>La protection de vos donn\u00e9es personnelles est importante pour nous. La pr\u00e9sente d\u00e9claration de confidentialit\u00e9 vous informe sur les donn\u00e9es personnelles que nous collectons, la mani\u00e8re dont nous les utilisons et les droits dont vous disposez.<\/p>\n<p>&nbsp;<\/p>\n<p><b>Collecte et utilisation des donn\u00e9es<\/b><\/p>\n<p>Utilisation du site web : lorsque vous visitez notre site web, des informations telles que l&rsquo;adresse IP, le type de navigateur, le syst\u00e8me d&rsquo;exploitation et l&rsquo;heure d&rsquo;acc\u00e8s sont automatiquement enregistr\u00e9es dans des fichiers journaux. Ces donn\u00e9es servent uniquement \u00e0 la mise \u00e0 disposition technique, \u00e0 l&rsquo;optimisation et \u00e0 la s\u00e9curit\u00e9 du site web.<\/p>\n<p>Formulaires de contact : Si vous nous contactez par le biais de formulaires de contact ou par e-mail, nous utilisons vos donn\u00e9es exclusivement pour traiter votre demande. En nous transmettant vos donn\u00e9es, vous acceptez que nous vous envoyions des informations sur UNIKOM ou radio-data.ch par e-mail. Vous pouvez r\u00e9voquer ce consentement \u00e0 tout moment.<\/p>\n<p>Pour t\u00e9l\u00e9charger des donn\u00e9es \u00e0 partir de ce site web, vous devez fournir une adresse e-mail valide. Celle-ci sera conserv\u00e9e exclusivement \u00e0 des fins internes. En indiquant votre adresse e-mail, vous acceptez que nous puissions vous contacter par ce biais. Vous pouvez r\u00e9voquer ce consentement \u00e0 tout moment.<\/p>\n<p>&nbsp;<\/p>\n<p><strong data-start=\"1453\" data-end=\"1469\">Newsletter<\/strong><\/p>\n<p>Si vous vous abonnez \u00e0 notre newsletter, nous utilisons votre adresse e-mail afin de vous envoyer r\u00e9guli\u00e8rement des informations concernant nos offres et services. L\u2019inscription est volontaire. Vous pouvez vous d\u00e9sinscrire \u00e0 tout moment via le lien de d\u00e9sinscription pr\u00e9sent dans chaque e-mail ou en nous contactant.<\/p>\n<p>&nbsp;<\/p>\n<p><b>Cookies<\/b><\/p>\n<p>Notre site web utilise des cookies n\u00e9cessaires d&rsquo;un point de vue technique afin de garantir sa fonctionnalit\u00e9. Ces cookies ne stockent pas de donn\u00e9es personnelles et sont automatiquement supprim\u00e9s lorsque vous fermez votre navigateur.<\/p>\n<p>&nbsp;<\/p>\n<p data-start=\"2037\" data-end=\"2057\"><strong data-start=\"2037\" data-end=\"2057\">Google Analytics<\/strong><\/p>\n<p data-start=\"2059\" data-end=\"2398\">Ce site web utilise Google Analytics, un service d\u2019analyse web fourni par Google Ireland Limited. Google Analytics utilise des cookies permettant d\u2019analyser l\u2019utilisation du site web. Les informations g\u00e9n\u00e9r\u00e9es par ces cookies concernant votre utilisation du site sont en r\u00e8gle g\u00e9n\u00e9rale transmises \u00e0 un serveur de Google et y sont stock\u00e9es.<\/p>\n<p data-start=\"2400\" data-end=\"2601\">L\u2019utilisation de Google Analytics s\u2019effectue uniquement avec votre consentement via la banni\u00e8re de cookies (pop-up). Vous pouvez retirer votre consentement \u00e0 tout moment via les param\u00e8tres des cookies.<\/p>\n<p data-start=\"2603\" data-end=\"2860\">Nous avons activ\u00e9 l\u2019anonymisation de l\u2019adresse IP, de sorte que votre adresse IP est raccourcie par Google en Suisse ou dans l\u2019Union europ\u00e9enne avant toute transmission. Pour plus d\u2019informations, veuillez consulter la politique de confidentialit\u00e9 de Google. https:\/\/policies.google.com\/privacy<\/p>\n<p>&nbsp;<\/p>\n<p><b>Transmission \u00e0 des tiers<\/b><\/p>\n<p>Vos donn\u00e9es personnelles ne sont pas transmises \u00e0 des tiers, sauf si cela est n\u00e9cessaire pour l&rsquo;ex\u00e9cution de nos prestations ou si la loi l&rsquo;exige.<\/p>\n<p>&nbsp;<\/p>\n<p><b>Vos droits<\/b><\/p>\n<p>Vous avez le droit d&rsquo;acc\u00e9der \u00e0 vos donn\u00e9es personnelles, de les rectifier, de les supprimer et de limiter leur traitement. Contactez-nous \u00e0 l&rsquo;adresse admin@unikomradios.ch.<\/p>\n<p>&nbsp;<\/p>\n<p><b>S\u00e9curit\u00e9 des donn\u00e9es<\/b><\/p>\n<p>Nous mettons en \u0153uvre des mesures de s\u00e9curit\u00e9 techniques et organisationnelles afin de prot\u00e9ger vos donn\u00e9es contre tout acc\u00e8s non autoris\u00e9, toute perte ou tout usage abusif.<\/p>\n<p>&nbsp;<\/p>\n<p><b>Modifications<\/b><\/p>\n<p>Nous nous r\u00e9servons le droit d&rsquo;adapter la pr\u00e9sente d\u00e9claration de confidentialit\u00e9 si n\u00e9cessaire. Vous trouverez toujours la version actuelle sur notre site web.<\/p>\n","protected":false},"excerpt":{"rendered":"<p>Responsable UNIKOM Lessingstrasse 33 8002 Zurich Suisse E-mail : admin@unikomradios.ch &nbsp; Principe La protection de vos donn\u00e9es personnelles est importante pour nous. La pr\u00e9sente d\u00e9claration de confidentialit\u00e9 vous informe sur les donn\u00e9es personnelles que nous collectons, la mani\u00e8re dont nous les utilisons et les droits dont vous disposez. &nbsp; Collecte et utilisation des donn\u00e9es Utilisation [&hellip;]<\/p>\n","protected":false},"author":1,"featured_media":0,"parent":0,"menu_order":0,"comment_status":"closed","ping_status":"closed","template":"","meta":{"hero_headline":"","footnotes":""},"class_list":["post-17","page","type-page","status-publish","hentry"],"yoast_head":"<!-- This site is optimized with the Yoast SEO plugin v25.7 - https:\/\/yoast.com\/wordpress\/plugins\/seo\/ -->\n<title>Protection des donn\u00e9es<\/title>\n<meta name=\"robots\" content=\"index, follow, max-snippet:-1, max-image-preview:large, max-video-preview:-1\" \/>\n<link rel=\"canonical\" href=\"https:\/\/radio-data.ch\/fr\/privacy\/\" \/>\n<meta name=\"twitter:label1\" content=\"Dur\u00e9e de lecture estim\u00e9e\" \/>\n\t<meta name=\"twitter:data1\" content=\"3 minutes\" \/>\n<script type=\"application\/ld+json\" class=\"yoast-schema-graph\">{\"@context\":\"https:\/\/schema.org\",\"@graph\":[{\"@type\":\"WebPage\",\"@id\":\"https:\/\/radio-data.ch\/privacy\/\",\"url\":\"https:\/\/radio-data.ch\/privacy\/\",\"name\":\"Protection des donn\u00e9es\",\"isPartOf\":{\"@id\":\"https:\/\/radio-data.ch\/#website\"},\"datePublished\":\"2025-08-15T10:08:23+00:00\",\"dateModified\":\"2026-04-27T06:23:21+00:00\",\"breadcrumb\":{\"@id\":\"https:\/\/radio-data.ch\/privacy\/#breadcrumb\"},\"inLanguage\":\"fr-FR\",\"potentialAction\":[{\"@type\":\"ReadAction\",\"target\":[\"https:\/\/radio-data.ch\/privacy\/\"]}]},{\"@type\":\"BreadcrumbList\",\"@id\":\"https:\/\/radio-data.ch\/privacy\/#breadcrumb\",\"itemListElement\":[{\"@type\":\"ListItem\",\"position\":1,\"name\":\"Startseite\",\"item\":\"https:\/\/radio-data.ch\/\"},{\"@type\":\"ListItem\",\"position\":2,\"name\":\"Datenschutz\"}]},{\"@type\":\"WebSite\",\"@id\":\"https:\/\/radio-data.ch\/#website\",\"url\":\"https:\/\/radio-data.ch\/\",\"name\":\"radio-data.ch\",\"description\":\"\",\"potentialAction\":[{\"@type\":\"SearchAction\",\"target\":{\"@type\":\"EntryPoint\",\"urlTemplate\":\"https:\/\/radio-data.ch\/?s={search_term_string}\"},\"query-input\":{\"@type\":\"PropertyValueSpecification\",\"valueRequired\":true,\"valueName\":\"search_term_string\"}}],\"inLanguage\":\"fr-FR\"}]}<\/script>\n<!-- \/ Yoast SEO plugin. -->","yoast_head_json":{"title":"Protection des donn\u00e9es","robots":{"index":"index","follow":"follow","max-snippet":"max-snippet:-1","max-image-preview":"max-image-preview:large","max-video-preview":"max-video-preview:-1"},"canonical":"https:\/\/radio-data.ch\/fr\/privacy\/","twitter_misc":{"Dur\u00e9e de lecture estim\u00e9e":"3 minutes"},"schema":{"@context":"https:\/\/schema.org","@graph":[{"@type":"WebPage","@id":"https:\/\/radio-data.ch\/privacy\/","url":"https:\/\/radio-data.ch\/privacy\/","name":"Protection des donn\u00e9es","isPartOf":{"@id":"https:\/\/radio-data.ch\/#website"},"datePublished":"2025-08-15T10:08:23+00:00","dateModified":"2026-04-27T06:23:21+00:00","breadcrumb":{"@id":"https:\/\/radio-data.ch\/privacy\/#breadcrumb"},"inLanguage":"fr-FR","potentialAction":[{"@type":"ReadAction","target":["https:\/\/radio-data.ch\/privacy\/"]}]},{"@type":"BreadcrumbList","@id":"https:\/\/radio-data.ch\/privacy\/#breadcrumb","itemListElement":[{"@type":"ListItem","position":1,"name":"Startseite","item":"https:\/\/radio-data.ch\/"},{"@type":"ListItem","position":2,"name":"Datenschutz"}]},{"@type":"WebSite","@id":"https:\/\/radio-data.ch\/#website","url":"https:\/\/radio-data.ch\/","name":"radio-data.ch","description":"","potentialAction":[{"@type":"SearchAction","target":{"@type":"EntryPoint","urlTemplate":"https:\/\/radio-data.ch\/?s={search_term_string}"},"query-input":{"@type":"PropertyValueSpecification","valueRequired":true,"valueName":"search_term_string"}}],"inLanguage":"fr-FR"}]}},"_links":{"self":[{"href":"https:\/\/radio-data.ch\/fr\/wp-json\/wp\/v2\/pages\/17","targetHints":{"allow":["GET"]}}],"collection":[{"href":"https:\/\/radio-data.ch\/fr\/wp-json\/wp\/v2\/pages"}],"about":[{"href":"https:\/\/radio-data.ch\/fr\/wp-json\/wp\/v2\/types\/page"}],"author":[{"embeddable":true,"href":"https:\/\/radio-data.ch\/fr\/wp-json\/wp\/v2\/users\/1"}],"replies":[{"embeddable":true,"href":"https:\/\/radio-data.ch\/fr\/wp-json\/wp\/v2\/comments?post=17"}],"version-history":[{"count":34,"href":"https:\/\/radio-data.ch\/fr\/wp-json\/wp\/v2\/pages\/17\/revisions"}],"predecessor-version":[{"id":254,"href":"https:\/\/radio-data.ch\/fr\/wp-json\/wp\/v2\/pages\/17\/revisions\/254"}],"wp:attachment":[{"href":"https:\/\/radio-data.ch\/fr\/wp-json\/wp\/v2\/media?parent=17"}],"curies":[{"name":"wp","href":"https:\/\/api.w.org\/{rel}","templated":true}]}}