{"id":19,"date":"2025-08-15T10:08:32","date_gmt":"2025-08-15T10:08:32","guid":{"rendered":"https:\/\/demo.website.uplink-digital.ch\/?page_id=19"},"modified":"2025-08-25T09:25:38","modified_gmt":"2025-08-25T07:25:38","slug":"tos","status":"publish","type":"page","link":"https:\/\/radio-data.ch\/fr\/tos\/","title":{"rendered":"Conditions g\u00e9n\u00e9rales (CG)"},"content":{"rendered":"<p><strong>Domaine d&rsquo;application<\/strong><\/p>\n<p>Les pr\u00e9sentes conditions g\u00e9n\u00e9rales s&rsquo;appliquent \u00e0 toutes les prestations et services de l&rsquo;association UNIKOM, Lessingstrasse 33, 8002 Zurich, vis-\u00e0-vis des utilisatrices et utilisateurs du site Internet.<\/p>\n<p>&nbsp;<\/p>\n<p><strong>Utilisation du site<\/strong><\/p>\n<p>L&rsquo;utilisation de notre site web est gratuite. L&rsquo;association UNIKOM se r\u00e9serve le droit de limiter l&rsquo;acc\u00e8s \u00e0 certains domaines aux seuls membres enregistr\u00e9s.<\/p>\n<p>&nbsp;<\/p>\n<p><strong>Droits d&rsquo;auteur et conditions d&rsquo;utilisation pour les t\u00e9l\u00e9chargements ( exports de donn\u00e9es)<\/strong><\/p>\n<p>Tous les contenus, \u0153uvres, donn\u00e9es et mat\u00e9riels mis \u00e0 disposition pour t\u00e9l\u00e9chargement publi\u00e9s sur ce site Internet sont soumis au droit d&rsquo;auteur suisse ainsi que, le cas \u00e9ch\u00e9ant, \u00e0 d&rsquo;autres droits de protection (en particulier les droits de marque et de design). Toute utilisation qui n&rsquo;est pas express\u00e9ment autoris\u00e9e par le droit d&rsquo;auteur suisse ou par d&rsquo;autres lois applicables requiert l&rsquo;accord \u00e9crit pr\u00e9alable de l&rsquo;association UNIKOM. Cela s&rsquo;applique en particulier \u00e0 la reproduction, au traitement, \u00e0 la traduction, \u00e0 l&rsquo;enregistrement, \u00e0 la transformation ou \u00e0 la restitution de contenus dans des bases de donn\u00e9es ou d&rsquo;autres m\u00e9dias et syst\u00e8mes \u00e9lectroniques.<\/p>\n<p>Le t\u00e9l\u00e9chargement de contenus n&rsquo;est autoris\u00e9 que pour un usage personnel et non commercial et suppose l&rsquo;indication pr\u00e9alable d&rsquo;une adresse \u00e9lectronique valide. Toute transmission, publication ou autre utilisation du mat\u00e9riel t\u00e9l\u00e9charg\u00e9 sans l&rsquo;autorisation \u00e9crite d&rsquo;UNIKOM est interdite.<\/p>\n<p>&nbsp;<\/p>\n<p><strong>Prestations et services<\/strong><\/p>\n<p>Les prestations et informations propos\u00e9es sur ce site web sont fournies pour le compte d&rsquo;UNIKOM. Pour plus d&rsquo;informations, de prix et de conditions sp\u00e9cifiques, UNIKOM peut \u00eatre contact\u00e9 via le formulaire de contact. Toutes les informations sont fournies de bonne foi, mais sans garantie d&rsquo;exhaustivit\u00e9, d&rsquo;actualit\u00e9 ou d&rsquo;exactitude.<\/p>\n<p>&nbsp;<\/p>\n<p><strong>Responsabilit\u00e9<\/strong><\/p>\n<p>La responsabilit\u00e9 d&rsquo;UNIKOM est limit\u00e9e \u00e0 la pr\u00e9m\u00e9ditation et \u00e0 la n\u00e9gligence grave. Toute autre responsabilit\u00e9, notamment pour des dommages indirects ou un manque \u00e0 gagner, est exclue.<\/p>\n<p>&nbsp;<\/p>\n<p><strong>Conclusion du contrat<\/strong><\/p>\n<p>Un contrat entre UNIKOM et un membre ou une utilsatrice \/utilisateur n&rsquo;est conclu que s&rsquo;il a \u00e9t\u00e9 convenu par \u00e9crit par les deux parties et sign\u00e9 de mani\u00e8re juridiquement contraignante.<\/p>\n<p>&nbsp;<\/p>\n<p><strong>Protection des donn\u00e9es<\/strong><\/p>\n<p>Le traitement des donn\u00e9es personnelles s&rsquo;effectue conform\u00e9ment \u00e0 notre d\u00e9claration de protection des donn\u00e9es.<\/p>\n<p>&nbsp;<\/p>\n<p><strong>Conditions de paiement<\/strong><\/p>\n<p>Dans la mesure o\u00f9 les prestations sont payantes, les prix indiqu\u00e9s sur le site web ou dans l&rsquo;offre individuelle s&rsquo;appliquent.<\/p>\n<p>&nbsp;<\/p>\n<p><strong>Droit applicable et juridiction comp\u00e9tente<\/strong><\/p>\n<p>Le droit suisse est applicable. Le tribunal comp\u00e9tent est Zurich, Suisse.<\/p>\n<p>&nbsp;<\/p>\n<p><strong>Modifications<\/strong><\/p>\n<p>UNIKOM se r\u00e9serve le droit de modifier les pr\u00e9sentes CG \u00e0 tout moment. La version la plus r\u00e9cente sera publi\u00e9e sur le site Internet et entrera en vigueur d\u00e8s sa publication.<\/p>\n<p>&nbsp;<\/p>\n<p><strong>Clause de sauvegarde<\/strong><\/p>\n<p>Si l&rsquo;une ou l&rsquo;autre des dispositions des pr\u00e9sentes CG s&rsquo;av\u00e9rait nulle et non avenue, la validit\u00e9 des autres dispositions n&rsquo;en serait pas affect\u00e9e.<\/p>\n","protected":false},"excerpt":{"rendered":"<p>Domaine d&rsquo;application Les pr\u00e9sentes conditions g\u00e9n\u00e9rales s&rsquo;appliquent \u00e0 toutes les prestations et services de l&rsquo;association UNIKOM, Lessingstrasse 33, 8002 Zurich, vis-\u00e0-vis des utilisatrices et utilisateurs du site Internet. &nbsp; Utilisation du site L&rsquo;utilisation de notre site web est gratuite. L&rsquo;association UNIKOM se r\u00e9serve le droit de limiter l&rsquo;acc\u00e8s \u00e0 certains domaines aux seuls membres enregistr\u00e9s. [&hellip;]<\/p>\n","protected":false},"author":1,"featured_media":0,"parent":0,"menu_order":0,"comment_status":"closed","ping_status":"closed","template":"","meta":{"hero_headline":"","footnotes":""},"class_list":["post-19","page","type-page","status-publish","hentry"],"yoast_head":"<!-- This site is optimized with the Yoast SEO plugin v25.7 - https:\/\/yoast.com\/wordpress\/plugins\/seo\/ -->\n<title>Conditions g\u00e9n\u00e9rales (CG)<\/title>\n<meta name=\"robots\" content=\"index, follow, max-snippet:-1, max-image-preview:large, max-video-preview:-1\" \/>\n<link rel=\"canonical\" href=\"https:\/\/radio-data.ch\/fr\/tos\/\" \/>\n<meta name=\"twitter:label1\" content=\"Dur\u00e9e de lecture estim\u00e9e\" \/>\n\t<meta name=\"twitter:data1\" content=\"3 minutes\" \/>\n<script type=\"application\/ld+json\" class=\"yoast-schema-graph\">{\"@context\":\"https:\/\/schema.org\",\"@graph\":[{\"@type\":\"WebPage\",\"@id\":\"https:\/\/radio-data.ch\/it\/tos\/\",\"url\":\"https:\/\/radio-data.ch\/it\/tos\/\",\"name\":\"Conditions g\u00e9n\u00e9rales (CG)\",\"isPartOf\":{\"@id\":\"https:\/\/radio-data.ch\/#website\"},\"datePublished\":\"2025-08-15T10:08:32+00:00\",\"dateModified\":\"2025-08-25T07:25:38+00:00\",\"breadcrumb\":{\"@id\":\"https:\/\/radio-data.ch\/it\/tos\/#breadcrumb\"},\"inLanguage\":\"fr-FR\",\"potentialAction\":[{\"@type\":\"ReadAction\",\"target\":[\"https:\/\/radio-data.ch\/it\/tos\/\"]}]},{\"@type\":\"BreadcrumbList\",\"@id\":\"https:\/\/radio-data.ch\/it\/tos\/#breadcrumb\",\"itemListElement\":[{\"@type\":\"ListItem\",\"position\":1,\"name\":\"Startseite\",\"item\":\"https:\/\/radio-data.ch\/\"},{\"@type\":\"ListItem\",\"position\":2,\"name\":\"Condizioni generali\"}]},{\"@type\":\"WebSite\",\"@id\":\"https:\/\/radio-data.ch\/#website\",\"url\":\"https:\/\/radio-data.ch\/\",\"name\":\"radio-data.ch\",\"description\":\"\",\"potentialAction\":[{\"@type\":\"SearchAction\",\"target\":{\"@type\":\"EntryPoint\",\"urlTemplate\":\"https:\/\/radio-data.ch\/?s={search_term_string}\"},\"query-input\":{\"@type\":\"PropertyValueSpecification\",\"valueRequired\":true,\"valueName\":\"search_term_string\"}}],\"inLanguage\":\"fr-FR\"}]}<\/script>\n<!-- \/ Yoast SEO plugin. -->","yoast_head_json":{"title":"Conditions g\u00e9n\u00e9rales (CG)","robots":{"index":"index","follow":"follow","max-snippet":"max-snippet:-1","max-image-preview":"max-image-preview:large","max-video-preview":"max-video-preview:-1"},"canonical":"https:\/\/radio-data.ch\/fr\/tos\/","twitter_misc":{"Dur\u00e9e de lecture estim\u00e9e":"3 minutes"},"schema":{"@context":"https:\/\/schema.org","@graph":[{"@type":"WebPage","@id":"https:\/\/radio-data.ch\/it\/tos\/","url":"https:\/\/radio-data.ch\/it\/tos\/","name":"Conditions g\u00e9n\u00e9rales (CG)","isPartOf":{"@id":"https:\/\/radio-data.ch\/#website"},"datePublished":"2025-08-15T10:08:32+00:00","dateModified":"2025-08-25T07:25:38+00:00","breadcrumb":{"@id":"https:\/\/radio-data.ch\/it\/tos\/#breadcrumb"},"inLanguage":"fr-FR","potentialAction":[{"@type":"ReadAction","target":["https:\/\/radio-data.ch\/it\/tos\/"]}]},{"@type":"BreadcrumbList","@id":"https:\/\/radio-data.ch\/it\/tos\/#breadcrumb","itemListElement":[{"@type":"ListItem","position":1,"name":"Startseite","item":"https:\/\/radio-data.ch\/"},{"@type":"ListItem","position":2,"name":"Condizioni generali"}]},{"@type":"WebSite","@id":"https:\/\/radio-data.ch\/#website","url":"https:\/\/radio-data.ch\/","name":"radio-data.ch","description":"","potentialAction":[{"@type":"SearchAction","target":{"@type":"EntryPoint","urlTemplate":"https:\/\/radio-data.ch\/?s={search_term_string}"},"query-input":{"@type":"PropertyValueSpecification","valueRequired":true,"valueName":"search_term_string"}}],"inLanguage":"fr-FR"}]}},"_links":{"self":[{"href":"https:\/\/radio-data.ch\/fr\/wp-json\/wp\/v2\/pages\/19","targetHints":{"allow":["GET"]}}],"collection":[{"href":"https:\/\/radio-data.ch\/fr\/wp-json\/wp\/v2\/pages"}],"about":[{"href":"https:\/\/radio-data.ch\/fr\/wp-json\/wp\/v2\/types\/page"}],"author":[{"embeddable":true,"href":"https:\/\/radio-data.ch\/fr\/wp-json\/wp\/v2\/users\/1"}],"replies":[{"embeddable":true,"href":"https:\/\/radio-data.ch\/fr\/wp-json\/wp\/v2\/comments?post=19"}],"version-history":[{"count":15,"href":"https:\/\/radio-data.ch\/fr\/wp-json\/wp\/v2\/pages\/19\/revisions"}],"predecessor-version":[{"id":130,"href":"https:\/\/radio-data.ch\/fr\/wp-json\/wp\/v2\/pages\/19\/revisions\/130"}],"wp:attachment":[{"href":"https:\/\/radio-data.ch\/fr\/wp-json\/wp\/v2\/media?parent=19"}],"curies":[{"name":"wp","href":"https:\/\/api.w.org\/{rel}","templated":true}]}}