{"id":19,"date":"2025-08-15T10:08:32","date_gmt":"2025-08-15T10:08:32","guid":{"rendered":"https:\/\/demo.website.uplink-digital.ch\/?page_id=19"},"modified":"2025-08-25T09:25:38","modified_gmt":"2025-08-25T07:25:38","slug":"tos","status":"publish","type":"page","link":"https:\/\/radio-data.ch\/it\/tos\/","title":{"rendered":"Condizioni generali"},"content":{"rendered":"<p><b>Ambito di applicazione<\/b><\/p>\n<p>Le presenti Condizioni generali si applicano a tutti i servizi forniti dall&#8217;associazione UNIKOM, Lessingstrasse 33, 8002 Zurigo, agli utenti del sito web.<\/p>\n<p>&nbsp;<\/p>\n<p><b>Utilizzo del sito web<\/b><\/p>\n<p>L&#8217;utilizzo del nostro sito web \u00e8 gratuito. L&#8217;associazione UNIKOM si riserva il diritto di rendere accessibili determinate aree solo ai membri registrati.<\/p>\n<p>&nbsp;<\/p>\n<p><strong>Diritto d&#8217;autore e condizioni di utilizzo per i download (esportazione di dati)<\/strong><\/p>\n<p>Tutti i contenuti, le opere, i dati e i materiali messi a disposizione per il download pubblicati su questo sito web sono soggetti al diritto d&#8217;autore svizzero e, se del caso, ad altri diritti di protezione (in particolare diritti di marchio e di design).<\/p>\n<p>Qualsiasi utilizzo non espressamente consentito dalla legge svizzera sul diritto d&#8217;autore o da altre leggi applicabili richiede il previo consenso scritto dell&#8217;associazione UNIKOM. Ci\u00f2 vale in particolare per la riproduzione, l&#8217;elaborazione, la traduzione, la memorizzazione, l&#8217;elaborazione o la riproduzione di contenuti in banche dati o altri media e sistemi elettronici.<\/p>\n<p>Il download dei contenuti \u00e8 consentito solo per uso personale e non commerciale e richiede la previa indicazione di un indirizzo e-mail valido. \u00c8 vietata la trasmissione, la pubblicazione o qualsiasi altro utilizzo dei materiali scaricati senza l&#8217;autorizzazione scritta di UNIKOM.<\/p>\n<p>&nbsp;<\/p>\n<p><strong>Prestazioni e servizi<\/strong><\/p>\n<p>Le prestazioni e le informazioni offerte su questo sito web sono fornite per conto di UNIKOM. Per ulteriori informazioni, prezzi e condizioni specifiche, \u00e8 possibile contattare UNIKOM tramite il modulo di contatto. Tutte le informazioni sono fornite al meglio delle nostre conoscenze, ma senza garanzia di completezza, attualit\u00e0 o correttezza.<\/p>\n<p>&nbsp;<\/p>\n<p><b>Responsabilit\u00e0<\/b><\/p>\n<p>La responsabilit\u00e0 di UNIKOM \u00e8 limitata al dolo e alla colpa grave. \u00c8 esclusa qualsiasi ulteriore responsabilit\u00e0, in particolare per danni indiretti o mancato guadagno.<\/p>\n<p>&nbsp;<\/p>\n<p><strong>Conclusione<\/strong><\/p>\n<p>Un contratto tra UNIKOM e un membro o un utente \u00e8 valido solo se concordato per iscritto da entrambe le parti e firmato in modo legalmente vincolante.<\/p>\n<p>&nbsp;<\/p>\n<p><strong>Protezione<\/strong><\/p>\n<p>Il trattamento dei dati personali avviene in conformit\u00e0 con la nostra informativa sulla privacy.<\/p>\n<p>&nbsp;<\/p>\n<p><strong>Condizioni<\/strong><\/p>\n<p>Se i servizi sono a pagamento, si applicano i prezzi indicati sul sito web o nell&#8217;offerta individuale.<\/p>\n<p>&nbsp;<\/p>\n<p><strong>Diritto applicabile e foro competente<\/strong><\/p>\n<p>Si applica il diritto svizzero. Il foro competente \u00e8 Zurigo, Svizzera.<\/p>\n<p>&nbsp;<\/p>\n<p><strong>Modifiche<\/strong><\/p>\n<p>UNIKOM si riserva il diritto di modificare le presenti CGC in qualsiasi momento. La versione attuale \u00e8 pubblicata sul sito web ed entra in vigore al momento della pubblicazione.<\/p>\n<p>&nbsp;<\/p>\n<p><strong>Clausola salvatoria<\/strong><\/p>\n<p>Qualora singole disposizioni delle presenti CGC dovessero essere inefficaci, ci\u00f2 non pregiudica la validit\u00e0 delle restanti disposizioni.<\/p>\n","protected":false},"excerpt":{"rendered":"<p>Ambito di applicazione Le presenti Condizioni generali si applicano a tutti i servizi forniti dall&#8217;associazione UNIKOM, Lessingstrasse 33, 8002 Zurigo, agli utenti del sito web. &nbsp; Utilizzo del sito web L&#8217;utilizzo del nostro sito web \u00e8 gratuito. L&#8217;associazione UNIKOM si riserva il diritto di rendere accessibili determinate aree solo ai membri registrati. &nbsp; Diritto d&#8217;autore [&hellip;]<\/p>\n","protected":false},"author":1,"featured_media":0,"parent":0,"menu_order":0,"comment_status":"closed","ping_status":"closed","template":"","meta":{"hero_headline":"","footnotes":""},"class_list":["post-19","page","type-page","status-publish","hentry"],"yoast_head":"<!-- This site is optimized with the Yoast SEO plugin v25.7 - https:\/\/yoast.com\/wordpress\/plugins\/seo\/ -->\n<title>Condizioni generali<\/title>\n<meta name=\"robots\" content=\"index, follow, max-snippet:-1, max-image-preview:large, max-video-preview:-1\" \/>\n<link rel=\"canonical\" href=\"https:\/\/radio-data.ch\/it\/tos\/\" \/>\n<meta name=\"twitter:label1\" content=\"Tempo di lettura stimato\" \/>\n\t<meta name=\"twitter:data1\" content=\"3 minuti\" \/>\n<script type=\"application\/ld+json\" class=\"yoast-schema-graph\">{\"@context\":\"https:\/\/schema.org\",\"@graph\":[{\"@type\":\"WebPage\",\"@id\":\"https:\/\/radio-data.ch\/it\/tos\/\",\"url\":\"https:\/\/radio-data.ch\/it\/tos\/\",\"name\":\"Condizioni generali\",\"isPartOf\":{\"@id\":\"https:\/\/radio-data.ch\/#website\"},\"datePublished\":\"2025-08-15T10:08:32+00:00\",\"dateModified\":\"2025-08-25T07:25:38+00:00\",\"breadcrumb\":{\"@id\":\"https:\/\/radio-data.ch\/it\/tos\/#breadcrumb\"},\"inLanguage\":\"it-IT\",\"potentialAction\":[{\"@type\":\"ReadAction\",\"target\":[\"https:\/\/radio-data.ch\/it\/tos\/\"]}]},{\"@type\":\"BreadcrumbList\",\"@id\":\"https:\/\/radio-data.ch\/it\/tos\/#breadcrumb\",\"itemListElement\":[{\"@type\":\"ListItem\",\"position\":1,\"name\":\"Startseite\",\"item\":\"https:\/\/radio-data.ch\/\"},{\"@type\":\"ListItem\",\"position\":2,\"name\":\"Condizioni generali\"}]},{\"@type\":\"WebSite\",\"@id\":\"https:\/\/radio-data.ch\/#website\",\"url\":\"https:\/\/radio-data.ch\/\",\"name\":\"radio-data.ch\",\"description\":\"\",\"potentialAction\":[{\"@type\":\"SearchAction\",\"target\":{\"@type\":\"EntryPoint\",\"urlTemplate\":\"https:\/\/radio-data.ch\/?s={search_term_string}\"},\"query-input\":{\"@type\":\"PropertyValueSpecification\",\"valueRequired\":true,\"valueName\":\"search_term_string\"}}],\"inLanguage\":\"it-IT\"}]}<\/script>\n<!-- \/ Yoast SEO plugin. -->","yoast_head_json":{"title":"Condizioni generali","robots":{"index":"index","follow":"follow","max-snippet":"max-snippet:-1","max-image-preview":"max-image-preview:large","max-video-preview":"max-video-preview:-1"},"canonical":"https:\/\/radio-data.ch\/it\/tos\/","twitter_misc":{"Tempo di lettura stimato":"3 minuti"},"schema":{"@context":"https:\/\/schema.org","@graph":[{"@type":"WebPage","@id":"https:\/\/radio-data.ch\/it\/tos\/","url":"https:\/\/radio-data.ch\/it\/tos\/","name":"Condizioni generali","isPartOf":{"@id":"https:\/\/radio-data.ch\/#website"},"datePublished":"2025-08-15T10:08:32+00:00","dateModified":"2025-08-25T07:25:38+00:00","breadcrumb":{"@id":"https:\/\/radio-data.ch\/it\/tos\/#breadcrumb"},"inLanguage":"it-IT","potentialAction":[{"@type":"ReadAction","target":["https:\/\/radio-data.ch\/it\/tos\/"]}]},{"@type":"BreadcrumbList","@id":"https:\/\/radio-data.ch\/it\/tos\/#breadcrumb","itemListElement":[{"@type":"ListItem","position":1,"name":"Startseite","item":"https:\/\/radio-data.ch\/"},{"@type":"ListItem","position":2,"name":"Condizioni generali"}]},{"@type":"WebSite","@id":"https:\/\/radio-data.ch\/#website","url":"https:\/\/radio-data.ch\/","name":"radio-data.ch","description":"","potentialAction":[{"@type":"SearchAction","target":{"@type":"EntryPoint","urlTemplate":"https:\/\/radio-data.ch\/?s={search_term_string}"},"query-input":{"@type":"PropertyValueSpecification","valueRequired":true,"valueName":"search_term_string"}}],"inLanguage":"it-IT"}]}},"_links":{"self":[{"href":"https:\/\/radio-data.ch\/it\/wp-json\/wp\/v2\/pages\/19","targetHints":{"allow":["GET"]}}],"collection":[{"href":"https:\/\/radio-data.ch\/it\/wp-json\/wp\/v2\/pages"}],"about":[{"href":"https:\/\/radio-data.ch\/it\/wp-json\/wp\/v2\/types\/page"}],"author":[{"embeddable":true,"href":"https:\/\/radio-data.ch\/it\/wp-json\/wp\/v2\/users\/1"}],"replies":[{"embeddable":true,"href":"https:\/\/radio-data.ch\/it\/wp-json\/wp\/v2\/comments?post=19"}],"version-history":[{"count":15,"href":"https:\/\/radio-data.ch\/it\/wp-json\/wp\/v2\/pages\/19\/revisions"}],"predecessor-version":[{"id":130,"href":"https:\/\/radio-data.ch\/it\/wp-json\/wp\/v2\/pages\/19\/revisions\/130"}],"wp:attachment":[{"href":"https:\/\/radio-data.ch\/it\/wp-json\/wp\/v2\/media?parent=19"}],"curies":[{"name":"wp","href":"https:\/\/api.w.org\/{rel}","templated":true}]}}