{"id":72,"date":"2025-08-17T20:55:22","date_gmt":"2025-08-17T18:55:22","guid":{"rendered":"https:\/\/demo.website.uplink-digital.ch\/?page_id=72"},"modified":"2025-08-25T09:30:10","modified_gmt":"2025-08-25T07:30:10","slug":"startseite","status":"publish","type":"page","link":"https:\/\/radio-data.ch\/it\/","title":{"rendered":"Copertura digitale per le radio"},"content":{"rendered":"","protected":false},"excerpt":{"rendered":"","protected":false},"author":1,"featured_media":0,"parent":0,"menu_order":0,"comment_status":"closed","ping_status":"closed","template":"","meta":{"hero_headline":"[:de]Digitale Reichweiten<br \/>f\u00fcr Radiosender[:fr]Port\u00e9e num\u00e9rique<br \/>pour les radios[:it]Copertura digitale<br \/>per le radio[:]","footnotes":""},"class_list":["post-72","page","type-page","status-publish","hentry"],"yoast_head":"<!-- This site is optimized with the Yoast SEO plugin v25.7 - https:\/\/yoast.com\/wordpress\/plugins\/seo\/ -->\n<title>Copertura digitale per le radio<\/title>\n<meta name=\"robots\" content=\"index, follow, max-snippet:-1, max-image-preview:large, max-video-preview:-1\" \/>\n<link rel=\"canonical\" href=\"https:\/\/radio-data.ch\/it\/\" \/>\n<script type=\"application\/ld+json\" class=\"yoast-schema-graph\">{\"@context\":\"https:\/\/schema.org\",\"@graph\":[{\"@type\":\"WebPage\",\"@id\":\"https:\/\/radio-data.ch\/\",\"url\":\"https:\/\/radio-data.ch\/\",\"name\":\"Copertura digitale per le radio\",\"isPartOf\":{\"@id\":\"https:\/\/radio-data.ch\/#website\"},\"datePublished\":\"2025-08-17T18:55:22+00:00\",\"dateModified\":\"2025-08-25T07:30:10+00:00\",\"breadcrumb\":{\"@id\":\"https:\/\/radio-data.ch\/#breadcrumb\"},\"inLanguage\":\"it-IT\",\"potentialAction\":[{\"@type\":\"ReadAction\",\"target\":[\"https:\/\/radio-data.ch\/\"]}]},{\"@type\":\"BreadcrumbList\",\"@id\":\"https:\/\/radio-data.ch\/#breadcrumb\",\"itemListElement\":[{\"@type\":\"ListItem\",\"position\":1,\"name\":\"Startseite\",\"item\":\"https:\/\/radio-data.ch\/\"},{\"@type\":\"ListItem\",\"position\":2,\"name\":\"Digitale Reichweiten f\u00fcr Radiosender\"}]},{\"@type\":\"WebSite\",\"@id\":\"https:\/\/radio-data.ch\/#website\",\"url\":\"https:\/\/radio-data.ch\/\",\"name\":\"radio-data.ch\",\"description\":\"\",\"potentialAction\":[{\"@type\":\"SearchAction\",\"target\":{\"@type\":\"EntryPoint\",\"urlTemplate\":\"https:\/\/radio-data.ch\/?s={search_term_string}\"},\"query-input\":{\"@type\":\"PropertyValueSpecification\",\"valueRequired\":true,\"valueName\":\"search_term_string\"}}],\"inLanguage\":\"it-IT\"}]}<\/script>\n<!-- \/ Yoast SEO plugin. -->","yoast_head_json":{"title":"Copertura digitale per le radio","robots":{"index":"index","follow":"follow","max-snippet":"max-snippet:-1","max-image-preview":"max-image-preview:large","max-video-preview":"max-video-preview:-1"},"canonical":"https:\/\/radio-data.ch\/it\/","schema":{"@context":"https:\/\/schema.org","@graph":[{"@type":"WebPage","@id":"https:\/\/radio-data.ch\/","url":"https:\/\/radio-data.ch\/","name":"Copertura digitale per le radio","isPartOf":{"@id":"https:\/\/radio-data.ch\/#website"},"datePublished":"2025-08-17T18:55:22+00:00","dateModified":"2025-08-25T07:30:10+00:00","breadcrumb":{"@id":"https:\/\/radio-data.ch\/#breadcrumb"},"inLanguage":"it-IT","potentialAction":[{"@type":"ReadAction","target":["https:\/\/radio-data.ch\/"]}]},{"@type":"BreadcrumbList","@id":"https:\/\/radio-data.ch\/#breadcrumb","itemListElement":[{"@type":"ListItem","position":1,"name":"Startseite","item":"https:\/\/radio-data.ch\/"},{"@type":"ListItem","position":2,"name":"Digitale Reichweiten f\u00fcr Radiosender"}]},{"@type":"WebSite","@id":"https:\/\/radio-data.ch\/#website","url":"https:\/\/radio-data.ch\/","name":"radio-data.ch","description":"","potentialAction":[{"@type":"SearchAction","target":{"@type":"EntryPoint","urlTemplate":"https:\/\/radio-data.ch\/?s={search_term_string}"},"query-input":{"@type":"PropertyValueSpecification","valueRequired":true,"valueName":"search_term_string"}}],"inLanguage":"it-IT"}]}},"_links":{"self":[{"href":"https:\/\/radio-data.ch\/it\/wp-json\/wp\/v2\/pages\/72","targetHints":{"allow":["GET"]}}],"collection":[{"href":"https:\/\/radio-data.ch\/it\/wp-json\/wp\/v2\/pages"}],"about":[{"href":"https:\/\/radio-data.ch\/it\/wp-json\/wp\/v2\/types\/page"}],"author":[{"embeddable":true,"href":"https:\/\/radio-data.ch\/it\/wp-json\/wp\/v2\/users\/1"}],"replies":[{"embeddable":true,"href":"https:\/\/radio-data.ch\/it\/wp-json\/wp\/v2\/comments?post=72"}],"version-history":[{"count":8,"href":"https:\/\/radio-data.ch\/it\/wp-json\/wp\/v2\/pages\/72\/revisions"}],"predecessor-version":[{"id":133,"href":"https:\/\/radio-data.ch\/it\/wp-json\/wp\/v2\/pages\/72\/revisions\/133"}],"wp:attachment":[{"href":"https:\/\/radio-data.ch\/it\/wp-json\/wp\/v2\/media?parent=72"}],"curies":[{"name":"wp","href":"https:\/\/api.w.org\/{rel}","templated":true}]}}